{"id":2353,"date":"2024-07-02T13:03:08","date_gmt":"2024-07-02T16:03:08","guid":{"rendered":"https:\/\/www.delghetto.com\/?page_id=2353"},"modified":"2025-02-04T15:00:25","modified_gmt":"2025-02-04T18:00:25","slug":"sky-2","status":"publish","type":"page","link":"https:\/\/www.delghetto.com\/index.php\/sky-2\/","title":{"rendered":"Sky"},"content":{"rendered":"\t\t<div data-elementor-type=\"wp-page\" data-elementor-id=\"2353\" class=\"elementor elementor-2353\">\n\t\t\t\t\t\t\t\t\t<section class=\"elementor-section elementor-top-section elementor-element elementor-element-8b61de1 elementor-section-full_width elementor-section-height-default elementor-section-height-default\" data-id=\"8b61de1\" data-element_type=\"section\">\n\t\t\t\t\t\t<div class=\"elementor-container elementor-column-gap-default\">\n\t\t\t\t\t<div class=\"elementor-column elementor-col-100 elementor-top-column elementor-element elementor-element-1de9aec\" data-id=\"1de9aec\" data-element_type=\"column\">\n\t\t\t<div class=\"elementor-widget-wrap elementor-element-populated\">\n\t\t\t\t\t\t\t\t<div class=\"elementor-element elementor-element-75ff79c elementor-widget-mobile__width-initial elementor-widget elementor-widget-cs_title\" data-id=\"75ff79c\" data-element_type=\"widget\" data-widget_type=\"cs_title.default\">\n\t\t\t\t<div class=\"elementor-widget-container\">\n\t\t\t\n        <div class=\"cs-title-wrap text-center text-center-mobile\">\t            <div class=\"cs-title-text\">\n\t                <p><div id=\"metaslider-id-4021\" style=\"width: 100%; margin: 0 auto;\" class=\"ml-slider-3-90-1 metaslider metaslider-flex metaslider-4021 ml-slider ms-theme-default nav-hidden\" role=\"region\" aria-roledescription=\"Slideshow\" aria-label=\"Ski\">\n    <div id=\"metaslider_container_4021\">\n        <div id=\"metaslider_4021\">\n            <ul class='slides'>\n            <\/ul>\n        <\/div>\n        \n    <\/div>\n<\/div><\/p>\t            <\/div>        <\/div>\t\t<\/div>\n\t\t\t\t<\/div>\n\t\t\t\t\t<\/div>\n\t\t<\/div>\n\t\t\t\t\t\t\t<\/div>\n\t\t<\/section>\n\t\t<div class=\"elementor-element elementor-element-811c704 e-flex e-con-boxed e-con e-parent\" data-id=\"811c704\" data-element_type=\"container\" id=\"IDkayak\" data-settings=\"{&quot;content_width&quot;:&quot;boxed&quot;}\" data-core-v316-plus=\"true\">\n\t\t\t\t\t<div class=\"e-con-inner\">\n\t\t\t\t<div class=\"elementor-element elementor-element-274bcc9 elementor-widget elementor-widget-cs_title\" data-id=\"274bcc9\" data-element_type=\"widget\" data-widget_type=\"cs_title.default\">\n\t\t\t\t<div class=\"elementor-widget-container\">\n\t\t\t\n        <div class=\"cs-title-wrap text-center\">\t            <div class=\"cs-subtitle-wrap\"><span class=\"cs-subtitle\">Ski<\/span><\/div>\t            <h4 class=\"cs-title\">\n\t                Cerro Bayo, Centro de Ski\t            <\/h4>\t            <div class=\"cs-title-text\">\n\t                <p>Los medios de elevaci\u00f3n parten desde la base, hasta los 1500 mts, llegando la Telesilla S\u00e9xtuple, hasta la cumbre. Pueden observarse a partir de aqu\u00ed, esplendidas vistas panor\u00e1micas, que propician el marco para los deportes invernales que all\u00ed se desarrollan.<\/p>\t            <\/div>        <\/div>\t\t<\/div>\n\t\t\t\t<\/div>\n\t\t\t\t\t<\/div>\n\t\t\t\t<\/div>\n\t\t<div class=\"elementor-element elementor-element-3c40c5a e-flex e-con-boxed e-con e-parent\" data-id=\"3c40c5a\" data-element_type=\"container\" data-settings=\"{&quot;content_width&quot;:&quot;boxed&quot;}\" data-core-v316-plus=\"true\">\n\t\t\t\t\t<div class=\"e-con-inner\">\n\t\t\t\t<div class=\"elementor-element elementor-element-d723266 elementor-widget__width-auto elementor-widget elementor-widget-cs_gallery\" data-id=\"d723266\" data-element_type=\"widget\" data-widget_type=\"cs_gallery.default\">\n\t\t\t\t<div class=\"elementor-widget-container\">\n\t\t\t\n            <div class=\"cs-gallery gap-0 gallery-carousel\" data-column=\"1\" data-fade=\"off\" data-autoplay=\"off\" data-autoplay-speed=\"5000\" data-show-arrows=\"on\" data-show-dots=\"on\" data-variable-width=\"off\" data-overflow-style=\"\" data-center-mode=\"off\">\n                <div class=\"cs-gallery-wrap\">                    <div class=\"cs-gallery-item\"><img decoding=\"async\" src=\"https:\/\/www.delghetto.com\/wp-content\/uploads\/elementor\/thumbs\/slider_007-qhv3njb1oe3326ovyiwjelarfxq4m85gdup5xnqdu0.jpg\" title=\"slider_007\" alt=\"slider_007\" loading=\"lazy\" \/>                    <\/div>                <\/div>\n            <\/div>\t\t<\/div>\n\t\t\t\t<\/div>\n\t\t\t\t\t<\/div>\n\t\t\t\t<\/div>\n\t\t\t\t\t\t\t<\/div>\n\t\t","protected":false},"excerpt":{"rendered":"<p>Ski Cerro Bayo, Centro de Ski Los medios de elevaci\u00f3n parten desde la base, hasta los 1500 mts, llegando la Telesilla S\u00e9xtuple, hasta la cumbre. Pueden observarse a partir de aqu\u00ed, esplendidas vistas panor\u00e1micas, que propician el marco para los deportes invernales que all\u00ed se desarrollan.<\/p>\n","protected":false},"author":1,"featured_media":0,"parent":0,"menu_order":0,"comment_status":"closed","ping_status":"closed","template":"template-fullwidth.php","meta":{"cozystay_single_page_hide_site_header":"","cozystay_single_page_site_header_source":"","cozystay_single_page_custom_site_header":"0","cozystay_single_page_custom_sticky_site_header":"0","cozystay_single_page_hide_page_title":"on","cozystay_single_page_header_section_size":"","cozystay_single_page_header_background_color":"","cozystay_single_page_header_background_position_x":"center","cozystay_single_page_header_background_position_y":"center","cozystay_single_page_header_background_size":"cover","cozystay_single_page_header_background_repeat":"off","cozystay_single_page_header_background_scroll":"on","cozystay_single_page_header_text_color":"","cozystay_single_page_header_show_breadcrumb":"","cozystay_single_page_site_footer_hide_main":"","cozystay_single_custom_site_footer_main_source":"","cozystay_single_custom_site_footer_main":"0","cozystay_single_page_site_footer_hide_above":"","cozystay_single_custom_site_footer_above_source":"","cozystay_single_custom_site_footer_above":"0","cozystay_single_page_site_footer_hide_instagram":"","cozystay_single_page_site_footer_hide_bottom":"","cozystay_single_custom_mobile_menu_source":"","cozystay_single_custom_mobile_menu":"0","cozystay_single_custom_mobile_menu_animation":"","cozystay_single_custom_mobile_menu_width":"","cozystay_single_custom_mobile_menu_custom_width":375,"footnotes":""},"class_list":["post-2353","page","type-page","status-publish","hentry"],"_links":{"self":[{"href":"https:\/\/www.delghetto.com\/index.php\/wp-json\/wp\/v2\/pages\/2353","targetHints":{"allow":["GET"]}}],"collection":[{"href":"https:\/\/www.delghetto.com\/index.php\/wp-json\/wp\/v2\/pages"}],"about":[{"href":"https:\/\/www.delghetto.com\/index.php\/wp-json\/wp\/v2\/types\/page"}],"author":[{"embeddable":true,"href":"https:\/\/www.delghetto.com\/index.php\/wp-json\/wp\/v2\/users\/1"}],"replies":[{"embeddable":true,"href":"https:\/\/www.delghetto.com\/index.php\/wp-json\/wp\/v2\/comments?post=2353"}],"version-history":[{"count":23,"href":"https:\/\/www.delghetto.com\/index.php\/wp-json\/wp\/v2\/pages\/2353\/revisions"}],"predecessor-version":[{"id":4028,"href":"https:\/\/www.delghetto.com\/index.php\/wp-json\/wp\/v2\/pages\/2353\/revisions\/4028"}],"wp:attachment":[{"href":"https:\/\/www.delghetto.com\/index.php\/wp-json\/wp\/v2\/media?parent=2353"}],"curies":[{"name":"wp","href":"https:\/\/api.w.org\/{rel}","templated":true}]}}